{"id":1726,"date":"2025-01-16T00:45:53","date_gmt":"2025-01-16T05:45:53","guid":{"rendered":"https:\/\/usciforms.com\/?page_id=1726"},"modified":"2025-02-13T00:19:23","modified_gmt":"2025-02-13T05:19:23","slug":"people","status":"publish","type":"page","link":"https:\/\/usciforms.com\/es\/people\/","title":{"rendered":"Gente"},"content":{"rendered":"<div data-elementor-type=\"wp-page\" data-elementor-id=\"1726\" class=\"elementor elementor-1726\">\n\t\t\t\t<div class=\"elementor-element elementor-element-2e5e5f51 e-flex e-con-boxed wpr-particle-no wpr-jarallax-no wpr-parallax-no wpr-sticky-section-no e-con e-parent\" data-id=\"2e5e5f51\" data-element_type=\"container\" data-e-type=\"container\" data-settings=\"{&quot;background_background&quot;:&quot;classic&quot;}\">\n\t\t\t\t\t<div class=\"e-con-inner\">\n\t\t<div class=\"elementor-element elementor-element-5ec5fde9 e-con-full e-flex wpr-particle-no wpr-jarallax-no wpr-parallax-no wpr-sticky-section-no e-con e-child\" data-id=\"5ec5fde9\" data-element_type=\"container\" data-e-type=\"container\">\n\t\t\t\t<div class=\"elementor-element elementor-element-c9ea1eb elementor-widget elementor-widget-heading\" data-id=\"c9ea1eb\" data-element_type=\"widget\" data-e-type=\"widget\" data-widget_type=\"heading.default\">\n\t\t\t\t<div class=\"elementor-widget-container\">\n\t\t\t\t\t<h1 class=\"elementor-heading-title elementor-size-default\">Gente<\/h1>\t\t\t\t<\/div>\n\t\t\t\t<\/div>\n\t\t\t\t<\/div>\n\t\t\t\t\t<\/div>\n\t\t\t\t<\/div>\n\t\t<div class=\"elementor-element elementor-element-3e4660a e-flex e-con-boxed wpr-particle-no wpr-jarallax-no wpr-parallax-no wpr-sticky-section-no e-con e-parent\" data-id=\"3e4660a\" data-element_type=\"container\" data-e-type=\"container\">\n\t\t\t\t\t<div class=\"e-con-inner\">\n\t\t\t\t<div class=\"elementor-element elementor-element-d7eea5c elementor-widget elementor-widget-text-editor\" data-id=\"d7eea5c\" data-element_type=\"widget\" data-e-type=\"widget\" data-widget_type=\"text-editor.default\">\n\t\t\t\t<div class=\"elementor-widget-container\">\n\t\t\t\t\t\t\t\t\t<p>We the People<\/p>\t\t\t\t\t\t\t\t<\/div>\n\t\t\t\t<\/div>\n\t\t\t\t<div class=\"elementor-element elementor-element-1f16680 elementor-widget elementor-widget-heading\" data-id=\"1f16680\" data-element_type=\"widget\" data-e-type=\"widget\" data-widget_type=\"heading.default\">\n\t\t\t\t<div class=\"elementor-widget-container\">\n\t\t\t\t\t<h2 class=\"elementor-heading-title elementor-size-default\">La Opci\u00f3n del Men\u00fa &quot;Personas&quot;: Inspirada en <br>We the People<\/h2>\t\t\t\t<\/div>\n\t\t\t\t<\/div>\n\t\t\t\t\t<\/div>\n\t\t\t\t<\/div>\n\t\t<div class=\"elementor-element elementor-element-6f16e7b e-flex e-con-boxed wpr-particle-no wpr-jarallax-no wpr-parallax-no wpr-sticky-section-no e-con e-parent\" data-id=\"6f16e7b\" data-element_type=\"container\" data-e-type=\"container\">\n\t\t\t\t\t<div class=\"e-con-inner\">\n\t\t<div class=\"elementor-element elementor-element-d1e9588 e-con-full e-flex wpr-particle-no wpr-jarallax-no wpr-parallax-no wpr-sticky-section-no elementor-invisible e-con e-child\" data-id=\"d1e9588\" data-element_type=\"container\" data-e-type=\"container\" data-settings=\"{&quot;background_background&quot;:&quot;classic&quot;,&quot;animation&quot;:&quot;fadeInLeft&quot;}\">\n\t\t\t\t<div class=\"elementor-element elementor-element-f38ac28 elementor-widget elementor-widget-image\" data-id=\"f38ac28\" data-element_type=\"widget\" data-e-type=\"widget\" data-widget_type=\"image.default\">\n\t\t\t\t<div class=\"elementor-widget-container\">\n\t\t\t\t\t\t\t\t\t\t\t\t\t\t\t<img fetchpriority=\"high\" decoding=\"async\" width=\"800\" height=\"534\" src=\"https:\/\/usciforms.com\/wp-content\/uploads\/2025\/01\/Price-And-Promotions.jpg\" class=\"attachment-large size-large wp-image-317\" alt=\"Price-And-Promotions\" srcset=\"https:\/\/usciforms.com\/wp-content\/uploads\/2025\/01\/Price-And-Promotions.jpg 1000w, https:\/\/usciforms.com\/wp-content\/uploads\/2025\/01\/Price-And-Promotions-300x200.jpg 300w, https:\/\/usciforms.com\/wp-content\/uploads\/2025\/01\/Price-And-Promotions-768x512.jpg 768w\" sizes=\"(max-width: 800px) 100vw, 800px\" \/>\t\t\t\t\t\t\t\t\t\t\t\t\t\t\t<\/div>\n\t\t\t\t<\/div>\n\t\t\t\t<div class=\"elementor-element elementor-element-7440b5a elementor-widget elementor-widget-icon-box\" data-id=\"7440b5a\" data-element_type=\"widget\" data-e-type=\"widget\" data-widget_type=\"icon-box.default\">\n\t\t\t\t<div class=\"elementor-widget-container\">\n\t\t\t\t\t\t\t<div class=\"elementor-icon-box-wrapper\">\n\n\t\t\t\n\t\t\t\t\t\t<div class=\"elementor-icon-box-content\">\n\n\t\t\t\t\t\t\t\t\t<h3 class=\"elementor-icon-box-title\">\n\t\t\t\t\t\t<span  >\n\t\t\t\t\t\t\t\"People\": A Reflection of Our Commitment to You\t\t\t\t\t\t<\/span>\n\t\t\t\t\t<\/h3>\n\t\t\t\t\n\t\t\t\t\t\t\t\t\t<p class=\"elementor-icon-box-description\">\n\t\t\t\t\t\tEn USciForms, la opci\u00f3n del men\u00fa &quot;Personas&quot; es m\u00e1s que una simple funci\u00f3n; es un reflejo de\nnuestros valores y misi\u00f3n fundamentales. Inspirada en las poderosas palabras iniciales de la\nConstituci\u00f3n de los Estados Unidos, &quot;We the People&quot; (Nosotros, el pueblo),&quot; esta opci\u00f3n\nrepresenta nuestro firme compromiso de servir y empoderar a nuestros clientes.\t\t\t\t\t<\/p>\n\t\t\t\t\n\t\t\t<\/div>\n\t\t\t\n\t\t<\/div>\n\t\t\t\t\t\t<\/div>\n\t\t\t\t<\/div>\n\t\t\t\t<\/div>\n\t\t<div class=\"elementor-element elementor-element-b975836 e-con-full e-flex wpr-particle-no wpr-jarallax-no wpr-parallax-no wpr-sticky-section-no e-con e-child\" data-id=\"b975836\" data-element_type=\"container\" data-e-type=\"container\">\n\t\t<div class=\"elementor-element elementor-element-0ccaef3 e-grid e-con-full wpr-particle-no wpr-jarallax-no wpr-parallax-no wpr-sticky-section-no elementor-invisible e-con e-child\" data-id=\"0ccaef3\" data-element_type=\"container\" data-e-type=\"container\" data-settings=\"{&quot;background_background&quot;:&quot;classic&quot;,&quot;animation&quot;:&quot;fadeInDown&quot;}\">\n\t\t\t\t<div class=\"elementor-element elementor-element-605c6d7 elementor-widget elementor-widget-icon-box\" data-id=\"605c6d7\" data-element_type=\"widget\" data-e-type=\"widget\" data-widget_type=\"icon-box.default\">\n\t\t\t\t<div class=\"elementor-widget-container\">\n\t\t\t\t\t\t\t<div class=\"elementor-icon-box-wrapper\">\n\n\t\t\t\n\t\t\t\t\t\t<div class=\"elementor-icon-box-content\">\n\n\t\t\t\t\t\t\t\t\t<h3 class=\"elementor-icon-box-title\">\n\t\t\t\t\t\t<span  >\n\t\t\t\t\t\t\tSupporting Your Immigration Journey Every Step of the Way\t\t\t\t\t\t<\/span>\n\t\t\t\t\t<\/h3>\n\t\t\t\t\n\t\t\t\t\t\t\t\t\t<p class=\"elementor-icon-box-description\">\n\t\t\t\t\t\tTodo lo que hacemos en USciForms est\u00e1 basado en la premisa de ayudar a las personas, a\nindividuos y familias que buscan un futuro mejor a trav\u00e9s de la inmigraci\u00f3n. Ya sea que est\u00e9s\ncomenzando tu proceso, enfrentando formularios\t\t\t\t\t<\/p>\n\t\t\t\t\n\t\t\t<\/div>\n\t\t\t\n\t\t<\/div>\n\t\t\t\t\t\t<\/div>\n\t\t\t\t<\/div>\n\t\t\t\t<\/div>\n\t\t<div class=\"elementor-element elementor-element-e301cb7 e-grid e-con-full wpr-particle-no wpr-jarallax-no wpr-parallax-no wpr-sticky-section-no elementor-invisible e-con e-child\" data-id=\"e301cb7\" data-element_type=\"container\" data-e-type=\"container\" data-settings=\"{&quot;background_background&quot;:&quot;classic&quot;,&quot;animation&quot;:&quot;fadeInDown&quot;}\">\n\t\t\t\t<div class=\"elementor-element elementor-element-d8b9318 elementor-widget elementor-widget-icon-box\" data-id=\"d8b9318\" data-element_type=\"widget\" data-e-type=\"widget\" data-widget_type=\"icon-box.default\">\n\t\t\t\t<div class=\"elementor-widget-container\">\n\t\t\t\t\t\t\t<div class=\"elementor-icon-box-wrapper\">\n\n\t\t\t\n\t\t\t\t\t\t<div class=\"elementor-icon-box-content\">\n\n\t\t\t\t\t\t\t\t\t<h3 class=\"elementor-icon-box-title\">\n\t\t\t\t\t\t<span  >\n\t\t\t\t\t\t\t\"People\": Your Gateway to Immigration Support\t\t\t\t\t\t<\/span>\n\t\t\t\t\t<\/h3>\n\t\t\t\t\n\t\t\t\t\t\t\t\t\t<p class=\"elementor-icon-box-description\">\n\t\t\t\t\t\tCreemos que el proceso de inmigraci\u00f3n debe ser accesible, claro y sin estr\u00e9s. La opci\u00f3n\n&quot;People&quot; est\u00e1 dise\u00f1ada para brindarte el apoyo, los recursos y las herramientas necesarias para\navanzar con confianza. Porque en USciForms, t\u00fa est\u00e1s en el centro de todo lo que hacemos.\t\t\t\t\t<\/p>\n\t\t\t\t\n\t\t\t<\/div>\n\t\t\t\n\t\t<\/div>\n\t\t\t\t\t\t<\/div>\n\t\t\t\t<\/div>\n\t\t\t\t<\/div>\n\t\t\t\t<div class=\"elementor-element elementor-element-a0ce661 elementor-invisible elementor-widget elementor-widget-button\" data-id=\"a0ce661\" data-element_type=\"widget\" data-e-type=\"widget\" data-settings=\"{&quot;_animation&quot;:&quot;fadeInDown&quot;}\" data-widget_type=\"button.default\">\n\t\t\t\t<div class=\"elementor-widget-container\">\n\t\t\t\t\t\t\t\t\t<div class=\"elementor-button-wrapper\">\n\t\t\t\t\t<a class=\"elementor-button elementor-button-link elementor-size-sm elementor-animation-bob\" href=\"https:\/\/members.usciforms.com\/\">\n\t\t\t\t\t\t<span class=\"elementor-button-content-wrapper\">\n\t\t\t\t\t\t\t\t\t<span class=\"elementor-button-text\">Comienza a trabajar con la Persona<\/span>\n\t\t\t\t\t<\/span>\n\t\t\t\t\t<\/a>\n\t\t\t\t<\/div>\n\t\t\t\t\t\t\t\t<\/div>\n\t\t\t\t<\/div>\n\t\t\t\t<\/div>\n\t\t\t\t\t<\/div>\n\t\t\t\t<\/div>\n\t\t\t\t<\/div>","protected":false},"excerpt":{"rendered":"<p>People We the People The People Menu: Inspired by We the People &#8220;People&#8221;: A Reflection of Our Commitment to You At USciForms, the People menu option is more than just a feature\u2014it a reflection of our core values and mission. Inspired by the powerful opening words of the U.S. Constitution, We the People, this option represents our unwavering commitment to serving and empowering our customers. Supporting Your Immigration Journey Every Step of the Way Everything we do at USciForms is built on the foundation of helping people\u2014individuals and families seeking a better future through immigration. Whether you are starting your journey, navigating complex forms, or looking for guidance, our focus is always on you. &#8220;People&#8221;: Your Gateway to Immigration Support We believe that the immigration process should be accessible, transparent, and stress-free. The People option is designed to provide the support, resources, and tools you need to move forward with confidence. Because at USciForms, you are at the heart of everything we do. Start to work with the People<\/p>","protected":false},"author":1,"featured_media":0,"parent":0,"menu_order":0,"comment_status":"closed","ping_status":"closed","template":"","meta":{"footnotes":""},"class_list":["post-1726","page","type-page","status-publish","hentry"],"_links":{"self":[{"href":"https:\/\/usciforms.com\/es\/wp-json\/wp\/v2\/pages\/1726","targetHints":{"allow":["GET"]}}],"collection":[{"href":"https:\/\/usciforms.com\/es\/wp-json\/wp\/v2\/pages"}],"about":[{"href":"https:\/\/usciforms.com\/es\/wp-json\/wp\/v2\/types\/page"}],"author":[{"embeddable":true,"href":"https:\/\/usciforms.com\/es\/wp-json\/wp\/v2\/users\/1"}],"replies":[{"embeddable":true,"href":"https:\/\/usciforms.com\/es\/wp-json\/wp\/v2\/comments?post=1726"}],"version-history":[{"count":10,"href":"https:\/\/usciforms.com\/es\/wp-json\/wp\/v2\/pages\/1726\/revisions"}],"predecessor-version":[{"id":1751,"href":"https:\/\/usciforms.com\/es\/wp-json\/wp\/v2\/pages\/1726\/revisions\/1751"}],"wp:attachment":[{"href":"https:\/\/usciforms.com\/es\/wp-json\/wp\/v2\/media?parent=1726"}],"curies":[{"name":"wp","href":"https:\/\/api.w.org\/{rel}","templated":true}]}}